{"id":251,"date":"2020-11-10T12:19:19","date_gmt":"2020-11-10T15:19:19","guid":{"rendered":"https:\/\/etica360.com\/?page_id=251"},"modified":"2023-10-11T10:30:46","modified_gmt":"2023-10-11T13:30:46","slug":"linea-etica","status":"publish","type":"page","link":"https:\/\/etica360.com\/index.php\/linea-etica\/","title":{"rendered":"L\u00edneas \u00c9ticas. Tips para su correcto funcionamiento"},"content":{"rendered":"<p>[et_pb_section fb_built=\u00bb1&#8243; custom_padding_last_edited=\u00bbon|phone\u00bb admin_label=\u00bbHero Section\u00bb _builder_version=\u00bb4.16&#8243; background_enable_color=\u00bboff\u00bb background_image=\u00bbhttps:\/\/etica360.com\/wp-content\/uploads\/2020\/11\/Etica-linea_de_denuncia.jpg\u00bb min_height=\u00bb526px\u00bb custom_padding=\u00bb230px|0px|203px|0px||\u00bb custom_padding_tablet=\u00bb200px||200px|\u00bb custom_padding_phone=\u00bb140px||140px|\u00bb global_colors_info=\u00bb{}\u00bb][et_pb_row _builder_version=\u00bb4.16&#8243; custom_padding=\u00bb|||\u00bb animation_style=\u00bbslide\u00bb animation_direction=\u00bbbottom\u00bb animation_intensity_slide=\u00bb10%\u00bb global_colors_info=\u00bb{}\u00bb][et_pb_column type=\u00bb4_4&#8243; _builder_version=\u00bb4.16&#8243; custom_padding=\u00bb|||\u00bb global_colors_info=\u00bb{}\u00bb custom_padding__hover=\u00bb|||\u00bb][et_pb_text admin_label=\u00bbTitle and subhead\u00bb _builder_version=\u00bb4.16&#8243; text_font=\u00bbRoboto||||||||\u00bb text_text_color=\u00bbrgba(255,255,255,0.7)\u00bb text_font_size=\u00bb16px\u00bb text_line_height=\u00bb1.8em\u00bb header_font=\u00bbMontserrat|700|||||||\u00bb header_text_align=\u00bbcenter\u00bb header_text_color=\u00bb#ffffff\u00bb header_font_size=\u00bb34px\u00bb header_line_height=\u00bb1.3em\u00bb header_2_font=\u00bb||||||||\u00bb header_2_text_align=\u00bbcenter\u00bb header_2_text_color=\u00bb#ffffff\u00bb header_2_font_size=\u00bb27px\u00bb header_2_line_height=\u00bb1.4em\u00bb text_orientation=\u00bbcenter\u00bb background_layout=\u00bbdark\u00bb max_width=\u00bb600px\u00bb module_alignment=\u00bbcenter\u00bb header_font_size_tablet=\u00bb\u00bb header_font_size_phone=\u00bb40px\u00bb header_font_size_last_edited=\u00bbon|desktop\u00bb header_text_shadow_style=\u00bbpreset3&#8243; header_text_shadow_color=\u00bb#1786d1&#8243; header_2_text_shadow_style=\u00bbpreset3&#8243; header_2_text_shadow_color=\u00bb#5c6a8c\u00bb locked=\u00bboff\u00bb global_colors_info=\u00bb{}\u00bb]<\/p>\n<h1 style=\"text-align: center;\">L\u00cdNEAS \u00c9TICAS<br \/> (WHISTLEBLOWER LINES)<\/h1>\n<p>&nbsp;<\/p>\n<h2>Tips para su correcto funcionamiento<\/h2>\n<p>&nbsp;<\/p>\n<p>[\/et_pb_text][\/et_pb_column][\/et_pb_row][\/et_pb_section][et_pb_section fb_built=\u00bb1&#8243; admin_label=\u00bbOur Services\u00bb _builder_version=\u00bb4.16&#8243; background_color=\u00bbrgba(255,255,255,0.93)\u00bb min_height=\u00bb742px\u00bb custom_margin=\u00bb||0px||false|false\u00bb custom_padding=\u00bb10px|0px|0px|0px||\u00bb saved_tabs=\u00bball\u00bb global_colors_info=\u00bb{}\u00bb][et_pb_row admin_label=\u00bbTitle Row\u00bb _builder_version=\u00bb4.16&#8243; custom_padding=\u00bb||8px|||\u00bb global_colors_info=\u00bb{}\u00bb][et_pb_column type=\u00bb4_4&#8243; _builder_version=\u00bb4.16&#8243; global_colors_info=\u00bb{}\u00bb][et_pb_text _builder_version=\u00bb4.16&#8243; _module_preset=\u00bbdefault\u00bb global_colors_info=\u00bb{}\u00bb]<\/p>\n<p style=\"text-align: justify;\"><span style=\"font-weight: 400;\"><span style=\"color: #666699;\"><em>Por:\u00a0Pilar L\u00fagaro &#8211; Southern Comply.<\/em><\/span><\/span><\/p>\n<p style=\"text-align: justify;\">Las l\u00edneas \u00e9ticas representan la principal fuente para conocer actos ilegales o contrarios a la \u00e9tica dentro de una empresa.\u00a0Sin embargo, es importante una buena implementaci\u00f3n para lograr el resultado esperado y hacernos de informaci\u00f3n valiosa existente en las organizaciones.\u00a0\u00a0<\/p>\n<p style=\"text-align: justify;\"><span style=\"font-weight: 400;\">El primer punto a destacar es la <\/span><b>confianza<\/b><span style=\"font-weight: 400;\"> que debe presentar la l\u00ednea a los efectos de que el denunciante se sienta protegido al momento de efectuar su denuncia. Una de las razones m\u00e1s frecuentes que tienen los empleados para no denunciar, es el miedo a las represalias. Por lo que, es clave que estos tengan la posibilidad de poder efectuar su <\/span><b>denuncia de manera an\u00f3nima<\/b><span style=\"font-weight: 400;\">. De esta forma, se protege la identidad del denunciante que no quiere brindar su identidad, d\u00e1ndole <\/span><b>seguridad<\/b><span style=\"font-weight: 400;\"> a su denuncia. La <\/span><b>confidencialidad<\/b><span style=\"font-weight: 400;\"> funciona como un est\u00edmulo para efectuar reportes ya que no existir\u00e1 intimidaci\u00f3n o retaliaci\u00f3n.\u00a0<\/span><\/p>\n<p style=\"text-align: justify;\"><span style=\"font-weight: 400;\">En el mismo sentido, numerosos estudios han demostrado la importancia de establecer los canales de denuncia, fuera de la misma organizaci\u00f3n, <\/span><b>terceriz\u00e1ndolos en expertos en la materia<\/b><span style=\"font-weight: 400;\">. Al igual que la confidencialidad, operan en la misma l\u00ednea, brindando <\/span><b>garant\u00edas de protecci\u00f3n<\/b><span style=\"font-weight: 400;\"> al denunciante.<\/span><\/p>\n<p style=\"text-align: justify;\"><span style=\"font-weight: 400;\">Otro punto destacable, es que las l\u00edneas tengan <\/span><b>resultados efectivos y visibles<\/b><span style=\"font-weight: 400;\"> para los empleados. En otras palabras, que los denunciantes sepan que su reporte va a ser analizado y obtendr\u00e1n un resultado concreto.\u00a0<\/span><\/p>\n<p style=\"text-align: justify;\"><span style=\"font-weight: 400;\">El <\/span><b>seguimiento y la trazabilidad <\/b><span style=\"font-weight: 400;\">de la denuncia realizada, se encuentra \u00edntimamente vinculado con la eficacia en los resultados. Es importante que los denunciantes tengan medios para conocer el estado en el que se encuentra su denuncia. Esto tambi\u00e9n resulta de gran relevancia ya que puede que en el decurso del an\u00e1lisis se necesiten m\u00e1s datos o pruebas para poder llegar a una conclusi\u00f3n en tiempo y forma. De esta manera, al tener la posibilidad de monitorear, el denunciante podr\u00e1 -si es pertinente- brindar m\u00e1s informaci\u00f3n.\u00a0<\/span><\/p>\n<p style=\"text-align: justify;\"><span style=\"font-weight: 400;\">La posibilidad de <\/span><b>incluir prueba<\/b><span style=\"font-weight: 400;\"> en la denuncia es otro aspecto clave a la hora de la implementaci\u00f3n. Es importante que en el procedimiento se brinde la mayor cantidad de informaci\u00f3n posible. Esto es, que el denunciante pueda adjuntar toda la prueba, as\u00ed como un detalle de lo sucedido para poder llegar a un resultado certero. Todo lo cual, facilitar\u00e1 mucho el trabajo de los investigadores, tanto internos como externos.<\/span><\/p>\n<p style=\"text-align: justify;\"><span style=\"font-weight: 400;\">Por \u00faltimo, se puede pensar en <\/span><b>premios o recompensas <\/b><span style=\"font-weight: 400;\">para aquellos que efect\u00faan denuncias, como medio para incentivarlas. Es importante que toda la organizaci\u00f3n se familiarice con ellas y conozca su funcionamiento, haciendo \u00e9nfasis en la importancia del deber moral, as\u00ed co<\/span><span style=\"font-weight: 400;\">mo la sensaci\u00f3n de obligaci\u00f3n y compromiso con los valores de la empresa como forma de fomentar las denuncias. <\/span><\/p>\n<p>[\/et_pb_text][\/et_pb_column][\/et_pb_row][\/et_pb_section][et_pb_section fb_built=\u00bb1&#8243; fullwidth=\u00bbon\u00bb _builder_version=\u00bb4.16&#8243; width=\u00bb76%\u00bb module_alignment=\u00bbcenter\u00bb global_colors_info=\u00bb{}\u00bb][et_pb_fullwidth_image src=\u00bbhttps:\/\/etica360.com\/wp-content\/uploads\/2020\/06\/etica-empresarial_cumplimiento.png\u00bb alt=\u00bb\u00c9tica Empresarial\u00bb title_text=\u00bb\u00c9tica Empresarial\u00bb _builder_version=\u00bb4.16&#8243; global_colors_info=\u00bb{}\u00bb][\/et_pb_fullwidth_image][\/et_pb_section][et_pb_section fb_built=\u00bb1&#8243; _builder_version=\u00bb4.16&#8243; background_color=\u00bbrgba(38,38,94,0.88)\u00bb custom_margin=\u00bb|0px||0px|false|false\u00bb custom_padding=\u00bb|0px||0px|false|false\u00bb global_colors_info=\u00bb{}\u00bb][et_pb_row column_structure=\u00bb1_4,1_4,1_4,1_4&#8243; _builder_version=\u00bb4.16&#8243; global_colors_info=\u00bb{}\u00bb][et_pb_column type=\u00bb1_4&#8243; _builder_version=\u00bb4.16&#8243; global_colors_info=\u00bb{}\u00bb][\/et_pb_column][et_pb_column type=\u00bb1_4&#8243; _builder_version=\u00bb4.16&#8243; global_colors_info=\u00bb{}\u00bb][et_pb_text _builder_version=\u00bb4.16&#8243; text_font_size=\u00bb12px\u00bb text_line_height=\u00bb1em\u00bb global_colors_info=\u00bb{}\u00bb]<\/p>\n<p style=\"text-align: center;\"><span style=\"color: #ffffff;\">Es otro producto de:\u00a0 \u00a0 \u00a0\u00a0<\/span><\/p>\n<p>[\/et_pb_text][et_pb_image src=\u00bbhttps:\/\/etica360.com\/wp-content\/uploads\/2021\/09\/Cumplo360-logo-blanco-celeste.png\u00bb alt=\u00bbCumplo360-CumplimientoAntilavado\u00bb title_text=\u00bbCumplo360-logo-blanco-celeste\u00bb _builder_version=\u00bb4.22.2&#8243; hover_enabled=\u00bb0&#8243; global_colors_info=\u00bb{}\u00bb sticky_enabled=\u00bb0&#8243;][\/et_pb_image][\/et_pb_column][et_pb_column type=\u00bb1_4&#8243; _builder_version=\u00bb4.16&#8243; global_colors_info=\u00bb{}\u00bb][et_pb_text _builder_version=\u00bb4.16&#8243; text_font_size=\u00bb12px\u00bb text_line_height=\u00bb1em\u00bb global_colors_info=\u00bb{}\u00bb]<\/p>\n<p style=\"text-align: center;\"><span style=\"color: #ffffff;\">En alianza con:<\/span><\/p>\n<p>[\/et_pb_text][et_pb_image src=\u00bbhttps:\/\/etica360.com\/wp-content\/uploads\/2020\/06\/SouthernComply-Respalda.png\u00bb alt=\u00bbSouthern Comply\u00bb title_text=\u00bbSouthern Comply &#8211; Respaldo Legal\u00bb _builder_version=\u00bb4.16&#8243; global_colors_info=\u00bb{}\u00bb][\/et_pb_image][\/et_pb_column][et_pb_column type=\u00bb1_4&#8243; _builder_version=\u00bb4.16&#8243; global_colors_info=\u00bb{}\u00bb][\/et_pb_column][\/et_pb_row][et_pb_row _builder_version=\u00bb4.16&#8243; global_colors_info=\u00bb{}\u00bb][et_pb_column type=\u00bb4_4&#8243; _builder_version=\u00bb4.16&#8243; custom_padding=\u00bb|0px||0px|false|false\u00bb global_colors_info=\u00bb{}\u00bb][et_pb_divider color=\u00bb#ffffff\u00bb divider_weight=\u00bb1px\u00bb _builder_version=\u00bb4.16&#8243; custom_margin=\u00bb|0px||0px|false|false\u00bb custom_padding=\u00bb|0px||0px|false|false\u00bb global_colors_info=\u00bb{}\u00bb][\/et_pb_divider][et_pb_text _builder_version=\u00bb4.22.2&#8243; text_font=\u00bbRoboto|300|||||||\u00bb text_text_color=\u00bb#ffffff\u00bb text_font_size=\u00bb14px\u00bb hover_enabled=\u00bb0&#8243; global_colors_info=\u00bb{}\u00bb sticky_enabled=\u00bb0&#8243;]<\/p>\n<p style=\"text-align: center;\">Latinoam\u00e9rica<\/p>\n<p>[\/et_pb_text][\/et_pb_column][\/et_pb_row][\/et_pb_section]<\/p>\n","protected":false},"excerpt":{"rendered":"<p>L\u00cdNEAS \u00c9TICAS (WHISTLEBLOWER LINES) &nbsp; Tips para su correcto funcionamiento &nbsp;Por:\u00a0Pilar L\u00fagaro &#8211; Southern Comply. Las l\u00edneas \u00e9ticas representan la principal fuente para conocer actos ilegales o contrarios a la \u00e9tica dentro de una empresa.\u00a0Sin embargo, es importante una buena implementaci\u00f3n para lograr el resultado esperado y hacernos de informaci\u00f3n valiosa existente en las organizaciones.\u00a0\u00a0 [&hellip;]<\/p>\n","protected":false},"author":2,"featured_media":0,"parent":0,"menu_order":0,"comment_status":"closed","ping_status":"closed","template":"","meta":{"_et_pb_use_builder":"on","_et_pb_old_content":"","_et_gb_content_width":"","footnotes":""},"class_list":["post-251","page","type-page","status-publish","hentry"],"yoast_head":"<!-- This site is optimized with the Yoast SEO plugin v27.2 - https:\/\/yoast.com\/product\/yoast-seo-wordpress\/ -->\n<title>L\u00edneas \u00c9ticas. Tips para su correcto funcionamiento - \u00c9tica360<\/title>\n<meta name=\"description\" content=\"Las l\u00edneas \u00e9ticas representan la principal fuente para conocer actos ilegales o contrarios a la \u00e9tica dentro de una empresa...\" \/>\n<meta name=\"robots\" content=\"index, follow, max-snippet:-1, max-image-preview:large, max-video-preview:-1\" \/>\n<link rel=\"canonical\" href=\"https:\/\/etica360.com\/index.php\/linea-etica\/\" \/>\n<meta property=\"og:locale\" content=\"es_ES\" \/>\n<meta property=\"og:type\" content=\"article\" \/>\n<meta property=\"og:title\" content=\"L\u00edneas \u00c9ticas. Tips para su correcto funcionamiento - \u00c9tica360\" \/>\n<meta property=\"og:description\" content=\"Las l\u00edneas \u00e9ticas representan la principal fuente para conocer actos ilegales o contrarios a la \u00e9tica dentro de una empresa...\" \/>\n<meta property=\"og:url\" content=\"https:\/\/etica360.com\/index.php\/linea-etica\/\" \/>\n<meta property=\"og:site_name\" content=\"\u00c9tica360\" \/>\n<meta property=\"article:modified_time\" content=\"2023-10-11T13:30:46+00:00\" \/>\n<meta name=\"twitter:card\" content=\"summary_large_image\" \/>\n<meta name=\"twitter:label1\" content=\"Tiempo de lectura\" \/>\n\t<meta name=\"twitter:data1\" content=\"6 minutos\" \/>\n<script type=\"application\/ld+json\" class=\"yoast-schema-graph\">{\"@context\":\"https:\/\/schema.org\",\"@graph\":[{\"@type\":\"WebPage\",\"@id\":\"https:\/\/etica360.com\/index.php\/linea-etica\/\",\"url\":\"https:\/\/etica360.com\/index.php\/linea-etica\/\",\"name\":\"L\u00edneas \u00c9ticas. Tips para su correcto funcionamiento - \u00c9tica360\",\"isPartOf\":{\"@id\":\"https:\/\/etica360.com\/#website\"},\"datePublished\":\"2020-11-10T15:19:19+00:00\",\"dateModified\":\"2023-10-11T13:30:46+00:00\",\"description\":\"Las l\u00edneas \u00e9ticas representan la principal fuente para conocer actos ilegales o contrarios a la \u00e9tica dentro de una empresa...\",\"breadcrumb\":{\"@id\":\"https:\/\/etica360.com\/index.php\/linea-etica\/#breadcrumb\"},\"inLanguage\":\"es\",\"potentialAction\":[{\"@type\":\"ReadAction\",\"target\":[\"https:\/\/etica360.com\/index.php\/linea-etica\/\"]}]},{\"@type\":\"BreadcrumbList\",\"@id\":\"https:\/\/etica360.com\/index.php\/linea-etica\/#breadcrumb\",\"itemListElement\":[{\"@type\":\"ListItem\",\"position\":1,\"name\":\"Portada\",\"item\":\"https:\/\/etica360.com\/\"},{\"@type\":\"ListItem\",\"position\":2,\"name\":\"L\u00edneas \u00c9ticas. Tips para su correcto funcionamiento\"}]},{\"@type\":\"WebSite\",\"@id\":\"https:\/\/etica360.com\/#website\",\"url\":\"https:\/\/etica360.com\/\",\"name\":\"\u00c9tica360\",\"description\":\"Software para la gesti\u00f3n de denuncias en las empresas\",\"potentialAction\":[{\"@type\":\"SearchAction\",\"target\":{\"@type\":\"EntryPoint\",\"urlTemplate\":\"https:\/\/etica360.com\/?s={search_term_string}\"},\"query-input\":{\"@type\":\"PropertyValueSpecification\",\"valueRequired\":true,\"valueName\":\"search_term_string\"}}],\"inLanguage\":\"es\"}]}<\/script>\n<!-- \/ Yoast SEO plugin. -->","yoast_head_json":{"title":"L\u00edneas \u00c9ticas. Tips para su correcto funcionamiento - \u00c9tica360","description":"Las l\u00edneas \u00e9ticas representan la principal fuente para conocer actos ilegales o contrarios a la \u00e9tica dentro de una empresa...","robots":{"index":"index","follow":"follow","max-snippet":"max-snippet:-1","max-image-preview":"max-image-preview:large","max-video-preview":"max-video-preview:-1"},"canonical":"https:\/\/etica360.com\/index.php\/linea-etica\/","og_locale":"es_ES","og_type":"article","og_title":"L\u00edneas \u00c9ticas. Tips para su correcto funcionamiento - \u00c9tica360","og_description":"Las l\u00edneas \u00e9ticas representan la principal fuente para conocer actos ilegales o contrarios a la \u00e9tica dentro de una empresa...","og_url":"https:\/\/etica360.com\/index.php\/linea-etica\/","og_site_name":"\u00c9tica360","article_modified_time":"2023-10-11T13:30:46+00:00","twitter_card":"summary_large_image","twitter_misc":{"Tiempo de lectura":"6 minutos"},"schema":{"@context":"https:\/\/schema.org","@graph":[{"@type":"WebPage","@id":"https:\/\/etica360.com\/index.php\/linea-etica\/","url":"https:\/\/etica360.com\/index.php\/linea-etica\/","name":"L\u00edneas \u00c9ticas. Tips para su correcto funcionamiento - \u00c9tica360","isPartOf":{"@id":"https:\/\/etica360.com\/#website"},"datePublished":"2020-11-10T15:19:19+00:00","dateModified":"2023-10-11T13:30:46+00:00","description":"Las l\u00edneas \u00e9ticas representan la principal fuente para conocer actos ilegales o contrarios a la \u00e9tica dentro de una empresa...","breadcrumb":{"@id":"https:\/\/etica360.com\/index.php\/linea-etica\/#breadcrumb"},"inLanguage":"es","potentialAction":[{"@type":"ReadAction","target":["https:\/\/etica360.com\/index.php\/linea-etica\/"]}]},{"@type":"BreadcrumbList","@id":"https:\/\/etica360.com\/index.php\/linea-etica\/#breadcrumb","itemListElement":[{"@type":"ListItem","position":1,"name":"Portada","item":"https:\/\/etica360.com\/"},{"@type":"ListItem","position":2,"name":"L\u00edneas \u00c9ticas. Tips para su correcto funcionamiento"}]},{"@type":"WebSite","@id":"https:\/\/etica360.com\/#website","url":"https:\/\/etica360.com\/","name":"\u00c9tica360","description":"Software para la gesti\u00f3n de denuncias en las empresas","potentialAction":[{"@type":"SearchAction","target":{"@type":"EntryPoint","urlTemplate":"https:\/\/etica360.com\/?s={search_term_string}"},"query-input":{"@type":"PropertyValueSpecification","valueRequired":true,"valueName":"search_term_string"}}],"inLanguage":"es"}]}},"_links":{"self":[{"href":"https:\/\/etica360.com\/index.php\/wp-json\/wp\/v2\/pages\/251","targetHints":{"allow":["GET"]}}],"collection":[{"href":"https:\/\/etica360.com\/index.php\/wp-json\/wp\/v2\/pages"}],"about":[{"href":"https:\/\/etica360.com\/index.php\/wp-json\/wp\/v2\/types\/page"}],"author":[{"embeddable":true,"href":"https:\/\/etica360.com\/index.php\/wp-json\/wp\/v2\/users\/2"}],"replies":[{"embeddable":true,"href":"https:\/\/etica360.com\/index.php\/wp-json\/wp\/v2\/comments?post=251"}],"version-history":[{"count":12,"href":"https:\/\/etica360.com\/index.php\/wp-json\/wp\/v2\/pages\/251\/revisions"}],"predecessor-version":[{"id":483,"href":"https:\/\/etica360.com\/index.php\/wp-json\/wp\/v2\/pages\/251\/revisions\/483"}],"wp:attachment":[{"href":"https:\/\/etica360.com\/index.php\/wp-json\/wp\/v2\/media?parent=251"}],"curies":[{"name":"wp","href":"https:\/\/api.w.org\/{rel}","templated":true}]}}